{"id":2747,"date":"2022-12-17T12:20:30","date_gmt":"2022-12-17T16:20:30","guid":{"rendered":"https:\/\/ondiyoga.com\/massage-a-las-terrenas\/"},"modified":"2025-04-21T13:28:41","modified_gmt":"2025-04-21T17:28:41","slug":"massage-a-las-terrenas","status":"publish","type":"page","link":"https:\/\/ondiyoga.com\/fr\/massage-a-las-terrenas\/","title":{"rendered":"Massage \u00e0 Las Terrenas"},"content":{"rendered":"\t\t<div data-elementor-type=\"wp-page\" data-elementor-id=\"2747\" class=\"elementor elementor-2747 elementor-2734\" data-elementor-post-type=\"page\">\n\t\t\t\t\t\t<section class=\"elementor-section elementor-top-section elementor-element elementor-element-c5a1b9f elementor-section-full_width elementor-section-height-min-height elementor-section-height-default elementor-section-items-middle\" data-id=\"c5a1b9f\" data-element_type=\"section\" data-settings=\"{&quot;background_background&quot;:&quot;classic&quot;}\">\n\t\t\t\t\t\t\t<div class=\"elementor-background-overlay\"><\/div>\n\t\t\t\t\t\t\t<div class=\"elementor-container elementor-column-gap-default\">\n\t\t\t\t\t<div class=\"elementor-column elementor-col-100 elementor-top-column elementor-element elementor-element-3be7ebd\" data-id=\"3be7ebd\" data-element_type=\"column\">\n\t\t\t<div class=\"elementor-widget-wrap elementor-element-populated\">\n\t\t\t\t\t\t<div class=\"elementor-element elementor-element-4ecff99 elementor-widget elementor-widget-heading\" data-id=\"4ecff99\" data-element_type=\"widget\" data-widget_type=\"heading.default\">\n\t\t\t\t<div class=\"elementor-widget-container\">\n\t\t\t\t\t<h1 class=\"elementor-heading-title elementor-size-default\">MASSAGE RELAXANT \u00e0 LAS TERRENAS<\/h1>\t\t\t\t<\/div>\n\t\t\t\t<\/div>\n\t\t\t\t<div class=\"elementor-element elementor-element-d8dffba elementor-align-center uael-mbutton-text-center elementor-widget elementor-widget-uael-marketing-button\" data-id=\"d8dffba\" data-element_type=\"widget\" data-settings=\"{&quot;align&quot;:&quot;center&quot;,&quot;padding&quot;:{&quot;unit&quot;:&quot;px&quot;,&quot;top&quot;:&quot;&quot;,&quot;right&quot;:&quot;&quot;,&quot;bottom&quot;:&quot;&quot;,&quot;left&quot;:&quot;&quot;,&quot;isLinked&quot;:true},&quot;padding_tablet&quot;:{&quot;unit&quot;:&quot;px&quot;,&quot;top&quot;:&quot;&quot;,&quot;right&quot;:&quot;&quot;,&quot;bottom&quot;:&quot;&quot;,&quot;left&quot;:&quot;&quot;,&quot;isLinked&quot;:true},&quot;padding_mobile&quot;:{&quot;unit&quot;:&quot;px&quot;,&quot;top&quot;:&quot;&quot;,&quot;right&quot;:&quot;&quot;,&quot;bottom&quot;:&quot;&quot;,&quot;left&quot;:&quot;&quot;,&quot;isLinked&quot;:true},&quot;title_margin_bottom&quot;:{&quot;unit&quot;:&quot;px&quot;,&quot;size&quot;:&quot;&quot;,&quot;sizes&quot;:[]},&quot;title_margin_bottom_tablet&quot;:{&quot;unit&quot;:&quot;px&quot;,&quot;size&quot;:&quot;&quot;,&quot;sizes&quot;:[]},&quot;title_margin_bottom_mobile&quot;:{&quot;unit&quot;:&quot;px&quot;,&quot;size&quot;:&quot;&quot;,&quot;sizes&quot;:[]}}\" data-widget_type=\"uael-marketing-button.default\">\n\t\t\t\t<div class=\"elementor-widget-container\">\n\t\t\t\t\t\t\t<div class=\"uael-marketing-button elementor-widget-button\">\n\t\t\t<div class=\"uael-button-wrapper\">\n\t\t\t\t<a class=\"elementor-button-link elementor-button elementor-size-md uael-marketing-buttons-\" href=\"#elementor-action%3Aaction%3Dpopup%3Aopen%26settings%3DeyJpZCI6MjEyOSwidG9nZ2xlIjpmYWxzZX0%3D\">\n\t\t\t\t\t\t\t\t\t\t\t\t\t<span class=\"uael-marketing-buttons-wrap\">\n\t\t\t<span class=\"elementor-button-content-wrapper uael-buttons-icon-\">\n\t\t\t\t\t\t\t\t<span class=\"elementor-button-text uael-marketing-button-title elementor-inline-editing\" data-elementor-setting-key=\"text\" data-elementor-inline-editing-toolbar=\"none\">RESERVEZ<\/span>\n\t\t\t<\/span>\n\t\t\t\t\t<\/span>\n\t\t\t\t\t\t<\/a>\n\t\t\t<\/div>\n\t\t<\/div>\n\t\t\t\t\t\t<\/div>\n\t\t\t\t<\/div>\n\t\t\t\t\t<\/div>\n\t\t<\/div>\n\t\t\t\t\t<\/div>\n\t\t<\/section>\n\t\t\t\t<section class=\"elementor-section elementor-top-section elementor-element elementor-element-a8278f0 elementor-section-boxed elementor-section-height-default elementor-section-height-default\" data-id=\"a8278f0\" data-element_type=\"section\">\n\t\t\t\t\t\t<div class=\"elementor-container elementor-column-gap-default\">\n\t\t\t\t\t<div class=\"elementor-column elementor-col-100 elementor-top-column elementor-element elementor-element-a1232d9\" data-id=\"a1232d9\" data-element_type=\"column\">\n\t\t\t<div class=\"elementor-widget-wrap elementor-element-populated\">\n\t\t\t\t\t\t<div class=\"elementor-element elementor-element-b6c0a1d elementor-widget elementor-widget-heading\" data-id=\"b6c0a1d\" data-element_type=\"widget\" data-widget_type=\"heading.default\">\n\t\t\t\t<div class=\"elementor-widget-container\">\n\t\t\t\t\t<h2 class=\"elementor-heading-title elementor-size-default\">Massage anti-stress<\/h2>\t\t\t\t<\/div>\n\t\t\t\t<\/div>\n\t\t\t\t<div class=\"elementor-element elementor-element-aa71770 elementor-widget elementor-widget-text-editor\" data-id=\"aa71770\" data-element_type=\"widget\" data-widget_type=\"text-editor.default\">\n\t\t\t\t<div class=\"elementor-widget-container\">\n\t\t\t\t\t\t\t\t\t<p>Le massage relaxant est une technique th\u00e9rapeutique sp\u00e9cialis\u00e9e con\u00e7ue pour soulager le stress et favoriser la d\u00e9tente du corps et de l&rsquo;esprit. Cette forme de th\u00e9rapie par le massage cible les manifestations physiques et \u00e9motionnelles du stress, dans le but de r\u00e9duire les tensions, rel\u00e2cher les muscles tendus et r\u00e9tablir un sentiment d&rsquo;\u00e9quilibre et de calme.<\/p>\n\t\t\t\t\t\t\t\t<\/div>\n\t\t\t\t<\/div>\n\t\t\t\t<div class=\"elementor-element elementor-element-f3706e8 elementor-view-default elementor-widget elementor-widget-icon\" data-id=\"f3706e8\" data-element_type=\"widget\" data-widget_type=\"icon.default\">\n\t\t\t\t<div class=\"elementor-widget-container\">\n\t\t\t\t\t\t\t<div class=\"elementor-icon-wrapper\">\n\t\t\t<a class=\"elementor-icon\" href=\"https:\/\/ondiyoga.com\/fr\/blog\/les-7-avantages-dun-massage-relaxant-a-las-terrenas\/\">\n\t\t\t<i aria-hidden=\"true\" class=\"fas fa-spa\"><\/i>\t\t\t<\/a>\n\t\t<\/div>\n\t\t\t\t\t\t<\/div>\n\t\t\t\t<\/div>\n\t\t\t\t<div class=\"elementor-element elementor-element-ec1386a elementor-widget elementor-widget-text-editor\" data-id=\"ec1386a\" data-element_type=\"widget\" data-widget_type=\"text-editor.default\">\n\t\t\t\t<div class=\"elementor-widget-container\">\n\t\t\t\t\t\t\t\t\t<p><a href=\"https:\/\/ondiyoga.com\/fr\/blog\/les-7-avantages-dun-massage-relaxant-a-las-terrenas\/\" target=\"_blank\" rel=\"noopener\">Les 7 avantages d\u2019un massage relaxant \u00e0 Las Terrenas<\/a><\/p>\n\t\t\t\t\t\t\t\t<\/div>\n\t\t\t\t<\/div>\n\t\t\t\t<div class=\"elementor-element elementor-element-29444a0 elementor-widget elementor-widget-text-editor\" data-id=\"29444a0\" data-element_type=\"widget\" data-widget_type=\"text-editor.default\">\n\t\t\t\t<div class=\"elementor-widget-container\">\n\t\t\t\t\t\t\t\t\t<p style=\"text-align: center;\">Accorder la priorit\u00e9 aux soins personnels et maintenir un corps sain est d&rsquo;une importance capitale. En int\u00e9grant des massages th\u00e9rapeutiques \u00e0 votre routine r\u00e9guli\u00e8re, vous pouvez b\u00e9n\u00e9ficier d&rsquo;avantages \u00e0 long terme qui influencent positivement votre bien-\u00eatre, \u00e0 la fois sur le plan physique et mental.<\/p>\n\t\t\t\t\t\t\t\t<\/div>\n\t\t\t\t<\/div>\n\t\t\t\t\t<\/div>\n\t\t<\/div>\n\t\t\t\t\t<\/div>\n\t\t<\/section>\n\t\t\t\t<section class=\"elementor-section elementor-top-section elementor-element elementor-element-64542f1 elementor-section-boxed elementor-section-height-default elementor-section-height-default\" data-id=\"64542f1\" data-element_type=\"section\">\n\t\t\t\t\t\t<div class=\"elementor-container elementor-column-gap-default\">\n\t\t\t\t\t<div class=\"elementor-column elementor-col-33 elementor-top-column elementor-element elementor-element-9857974\" data-id=\"9857974\" data-element_type=\"column\">\n\t\t\t<div class=\"elementor-widget-wrap\">\n\t\t\t\t\t\t\t<\/div>\n\t\t<\/div>\n\t\t\t\t<div class=\"elementor-column elementor-col-33 elementor-top-column elementor-element elementor-element-65e6c78\" data-id=\"65e6c78\" data-element_type=\"column\">\n\t\t\t<div class=\"elementor-widget-wrap elementor-element-populated\">\n\t\t\t\t\t\t<div class=\"elementor-element elementor-element-16afb07 elementor-animation-float uael-price-features-borderbox elementor-widget elementor-widget-uael-price-table\" data-id=\"16afb07\" data-element_type=\"widget\" data-widget_type=\"uael-price-table.default\">\n\t\t\t\t<div class=\"elementor-widget-container\">\n\t\t\t\t\t\t<div class=\"uael-module-content uael-price-table-container uael-pricing-style-3\">\n\t\t<div class=\"uael-price-table\">\n\t\t\t\t\t\t\t<div class=\"uael-price-table-header\">\n\t\t\t\t\t<div class=\"uael-pricing-heading-wrap\">\n\t\t\t\t\t\t\t\t\t\t\t\t\t\t\t\t<div class=\"uael-price-heading-text\">\n\t\t\t\t\t<h3 class=\"uael-price-table-heading elementor-inline-editing\" data-elementor-setting-key=\"heading\" data-elementor-inline-editing-toolbar=\"basic\">Relaxing Massage\t\t\t\t\t<\/h3>\n\t\t\t\t<\/div>\n\t\t\t\t\t\t\t\t\t\t\t\t\t\t\t<\/div>\n\t\t\t\t<\/div>\n\t\t\t\t\t\t\t\t\n\t\t\t\t\t<div class=\"uael-price-table-price-wrap\">\n\t\t\t<div class=\"uael-price-table-pricing\">\n\t\t\t\t<div class=\"uael-pricing-container\" data-strike-tooltip=\"\" data-strike-tooltip-position=\"\" data-strike-tooltip-hide=\"\">\n\t\t\t\t\t\t\t\t\t\t\t\t\t\t\t<div class=\"uael-pricing-value\">\n\t\t\t\t\t\t\n\t\t\t\t\t\t\t\t\t\t\t\t\t<span class=\"uael-price-table-currency\">&#036;<\/span> \t\t\t\t\t\t\n\t\t\t\t\t\t\t\t\t\t\t\t\t\t\t\t\t\t\t\t<span class=\"uael-price-table-integer-part\">60<\/span>\n\t\t\t\t\t\t\n\t\t\t\t\t\t\t\t\t\t\t<\/div>\n\t\t\t\t\t\t\t\t\t\t\t\t\t\t\t\t\t\t<div class=\"uael-pricing-duration\">\n\t\t\t\t\t\t\t\t<span class=\"uael-price-table-duration uael-price-typo-excluded elementor-inline-editing\" data-elementor-setting-key=\"duration\" data-elementor-inline-editing-toolbar=\"basic\">75 Minutes<\/span>\t\t\t\t\t\t\t<\/div>\n\t\t\t\t\t\t\t\t\t\t\t\t\t\t\t<\/div>\n\t\t\t<\/div>\n\t\t<\/div>\n\t\t\t\t\t\n\t\t\t<ul class=\"uael-price-table-features-list\" data-side=\"\" data-hotspottrigger=\"\" data-arrow=\"\" data-distance=\"6\" data-delay=\"300\" data-animation=\"\" data-animduration=\"350\" data-zindex=\"99\" data-length=\"2\" data-tooltip-maxwidth=\"250\" data-tooltip-minwidth=\"0\" data-tooltip-responsive=\"\" data-enable-tooltip=\"no\" >\n\t\t\t\t\t\t\t\t\t\t\t\t\t\t<li class=\"elementor-repeater-item-6c33cf6 odd odd-tc\">\n\t\t\t\t\t\t<div class=\"uael-price-table-feature-content\"data-tooltip-content=\"#uael-tooltip-content-16afb07-6c33cf6\">\n\t\t\t\t\t\t\t<i aria-hidden=\"true\" class=\"fa fa-arrow-circle-right\"><\/i>\n\t\t\t\t\t\t\t\t\t\t\t\t\t\t\t\t\t\t\t\t\t\t\t\t\t\t\t\t\t<span >Lieu:  Spa &amp; \u00e0 Domicile<\/span>\n\t\t\t\t\t\t\t\t\t\t\t\t\t\t<\/div>\n\t\t\t\t\t<\/li>\n\t\t\t\t\t\t\t\t\t\t\t\t\t\t\t\t\t\t\t<li class=\"elementor-repeater-item-0f5887b even even-tc\">\n\t\t\t\t\t\t<div class=\"uael-price-table-feature-content uael-price-table-content-16afb07\"data-tooltip-content=\"#uael-tooltip-content-16afb07-0f5887b\">\n\t\t\t\t\t\t\t<i aria-hidden=\"true\" class=\"fa fa-arrow-circle-right\"><\/i>\n\t\t\t\t\t\t\t\t\t\t\t\t\t\t\t\t\t\t\t\t\t\t\t\t\t\t\t\t\t<span >Home service: Extra 1 US$<\/span>\n\t\t\t\t\t\t\t\t\t\t\t\t\t\t<\/div>\n\t\t\t\t\t<\/li>\n\t\t\t\t\t\t\t\t\t\t\t\t<\/ul>\n\t\t\t\t\t\t\t\t\t\t<div class=\"uael-price-table-cta\">\n\t\t\t\t\t\t\t\t\t\t\t\t\t\t\t<div class=\"uael-button-wrapper elementor-widget-button\">\n\t\t\t\t<a class=\"elementor-button-link  elementor-button elementor-size-md\" href=\"#elementor-action%3Aaction%3Dpopup%3Aopen%26settings%3DeyJpZCI6MjEyOSwidG9nZ2xlIjpmYWxzZX0%3D\">\n\t\t\t\t\t\t\t\t\t\t\t\t\t\t\t\t\t\t\t\t\t<span class=\"elementor-button-text elementor-inline-editing\"  data-elementor-setting-key=\"cta_text\" data-elementor-inline-editing-toolbar=\"none\">R\u00e9server<\/span>\n\t\t\t\t\t\t\t\t\t\t\t\t\t\t<span class=\"elementor-button-icon uael-cta-link-icon uael-cta-link-icon-after\">\n\t\t\t\t\t\t\t\t\t<\/span>\n\t\t\t\t\t\t\t\t\t\t\t\t\t\t<\/a>\n\t\t\t<\/div>\n\t\t\t\t\t\t\t\t\n\t\t\t\t\t\t\t\t\t\t\t<div class=\"uael-price-table-disclaimer elementor-inline-editing\" data-elementor-setting-key=\"footer_additional_info\" data-elementor-inline-editing-toolbar=\"basic\">Paiement : Esp\u00e8ces ou virement bancaire<\/div>\n\t\t\t\t\t\t\t\t\t<\/div>\n\t\t\t\t\t\t<\/div>\n\t\t\t<\/div>\n\t\t\t\t\t<\/div>\n\t\t\t\t<\/div>\n\t\t\t\t\t<\/div>\n\t\t<\/div>\n\t\t\t\t<div class=\"elementor-column elementor-col-33 elementor-top-column elementor-element elementor-element-e919265\" data-id=\"e919265\" data-element_type=\"column\">\n\t\t\t<div class=\"elementor-widget-wrap\">\n\t\t\t\t\t\t\t<\/div>\n\t\t<\/div>\n\t\t\t\t\t<\/div>\n\t\t<\/section>\n\t\t\t\t<\/div>\n\t\t","protected":false},"excerpt":{"rendered":"<p>MASSAGE RELAXANT \u00e0 LAS TERRENAS RESERVEZ Massage anti-stress Le massage relaxant est une technique th\u00e9rapeutique sp\u00e9cialis\u00e9e con\u00e7ue pour soulager le stress et favoriser la d\u00e9tente du corps et de l&rsquo;esprit. Cette forme de th\u00e9rapie par le massage cible les manifestations physiques et \u00e9motionnelles du stress, dans le but de r\u00e9duire les tensions, rel\u00e2cher les muscles [&hellip;]<\/p>\n","protected":false},"author":1,"featured_media":2701,"parent":0,"menu_order":0,"comment_status":"closed","ping_status":"closed","template":"elementor_header_footer","meta":{"site-sidebar-layout":"no-sidebar","site-content-layout":"page-builder","ast-site-content-layout":"default","site-content-style":"default","site-sidebar-style":"default","ast-global-header-display":"","ast-banner-title-visibility":"","ast-main-header-display":"","ast-hfb-above-header-display":"","ast-hfb-below-header-display":"","ast-hfb-mobile-header-display":"","site-post-title":"disabled","ast-breadcrumbs-content":"","ast-featured-img":"disabled","footer-sml-layout":"","ast-disable-related-posts":"","theme-transparent-header-meta":"default","adv-header-id-meta":"","stick-header-meta":"default","header-above-stick-meta":"","header-main-stick-meta":"","header-below-stick-meta":"","astra-migrate-meta-layouts":"default","ast-page-background-enabled":"default","ast-page-background-meta":{"desktop":{"background-color":"var(--ast-global-color-4)","background-image":"","background-repeat":"repeat","background-position":"center center","background-size":"auto","background-attachment":"scroll","background-type":"","background-media":"","overlay-type":"","overlay-color":"","overlay-opacity":"","overlay-gradient":""},"tablet":{"background-color":"","background-image":"","background-repeat":"repeat","background-position":"center center","background-size":"auto","background-attachment":"scroll","background-type":"","background-media":"","overlay-type":"","overlay-color":"","overlay-opacity":"","overlay-gradient":""},"mobile":{"background-color":"","background-image":"","background-repeat":"repeat","background-position":"center center","background-size":"auto","background-attachment":"scroll","background-type":"","background-media":"","overlay-type":"","overlay-color":"","overlay-opacity":"","overlay-gradient":""}},"ast-content-background-meta":{"desktop":{"background-color":"var(--ast-global-color-5)","background-image":"","background-repeat":"repeat","background-position":"center center","background-size":"auto","background-attachment":"scroll","background-type":"","background-media":"","overlay-type":"","overlay-color":"","overlay-opacity":"","overlay-gradient":""},"tablet":{"background-color":"var(--ast-global-color-5)","background-image":"","background-repeat":"repeat","background-position":"center center","background-size":"auto","background-attachment":"scroll","background-type":"","background-media":"","overlay-type":"","overlay-color":"","overlay-opacity":"","overlay-gradient":""},"mobile":{"background-color":"var(--ast-global-color-5)","background-image":"","background-repeat":"repeat","background-position":"center center","background-size":"auto","background-attachment":"scroll","background-type":"","background-media":"","overlay-type":"","overlay-color":"","overlay-opacity":"","overlay-gradient":""}},"footnotes":""},"class_list":["post-2747","page","type-page","status-publish","has-post-thumbnail","hentry"],"_links":{"self":[{"href":"https:\/\/ondiyoga.com\/fr\/wp-json\/wp\/v2\/pages\/2747","targetHints":{"allow":["GET"]}}],"collection":[{"href":"https:\/\/ondiyoga.com\/fr\/wp-json\/wp\/v2\/pages"}],"about":[{"href":"https:\/\/ondiyoga.com\/fr\/wp-json\/wp\/v2\/types\/page"}],"author":[{"embeddable":true,"href":"https:\/\/ondiyoga.com\/fr\/wp-json\/wp\/v2\/users\/1"}],"replies":[{"embeddable":true,"href":"https:\/\/ondiyoga.com\/fr\/wp-json\/wp\/v2\/comments?post=2747"}],"version-history":[{"count":7,"href":"https:\/\/ondiyoga.com\/fr\/wp-json\/wp\/v2\/pages\/2747\/revisions"}],"predecessor-version":[{"id":4433,"href":"https:\/\/ondiyoga.com\/fr\/wp-json\/wp\/v2\/pages\/2747\/revisions\/4433"}],"wp:featuredmedia":[{"embeddable":true,"href":"https:\/\/ondiyoga.com\/fr\/wp-json\/wp\/v2\/media\/2701"}],"wp:attachment":[{"href":"https:\/\/ondiyoga.com\/fr\/wp-json\/wp\/v2\/media?parent=2747"}],"curies":[{"name":"wp","href":"https:\/\/api.w.org\/{rel}","templated":true}]}}